{"id":4086,"date":"2023-11-21T10:43:45","date_gmt":"2023-11-21T09:43:45","guid":{"rendered":"https:\/\/nestor.sk\/kontakt\/"},"modified":"2025-04-22T21:40:26","modified_gmt":"2025-04-22T19:40:26","slug":"contact","status":"publish","type":"page","link":"https:\/\/nestor.sk\/en\/contact\/","title":{"rendered":"Contact"},"content":{"rendered":"\t\t<div data-elementor-type=\"wp-page\" data-elementor-id=\"4086\" class=\"elementor elementor-4086 elementor-274\" data-elementor-post-type=\"page\">\n\t\t\t\t<div class=\"elementor-element elementor-element-a0787a1 e-flex e-con-boxed e-con e-parent\" data-id=\"a0787a1\" data-element_type=\"container\" data-settings=\"{&quot;background_background&quot;:&quot;classic&quot;,&quot;jet_parallax_layout_list&quot;:[]}\">\n\t\t\t\t\t<div class=\"e-con-inner\">\n\t\t\t\t<div class=\"elementor-element elementor-element-be429e2 elementor-widget__width-initial elementor-widget elementor-widget-heading\" data-id=\"be429e2\" data-element_type=\"widget\" data-widget_type=\"heading.default\">\n\t\t\t\t<div class=\"elementor-widget-container\">\n\t\t\t<h1 class=\"elementor-heading-title elementor-size-default\">Contact<\/h1>\t\t<\/div>\n\t\t\t\t<\/div>\n\t\t<div class=\"elementor-element elementor-element-8c181f5 e-flex e-con-boxed e-con e-child\" data-id=\"8c181f5\" data-element_type=\"container\" data-settings=\"{&quot;jet_parallax_layout_list&quot;:[]}\">\n\t\t\t\t\t<div class=\"e-con-inner\">\n\t\t\t\t<div class=\"elementor-element elementor-element-9ec5be2 elementor-widget elementor-widget-heading\" data-id=\"9ec5be2\" data-element_type=\"widget\" data-widget_type=\"heading.default\">\n\t\t\t\t<div class=\"elementor-widget-container\">\n\t\t\t<h3 class=\"elementor-heading-title elementor-size-default\">We arrange in-person meetings as needed \u2013 either in our partners' showrooms or\ndirectly on-site.\nClients can also take advantage of convenient online consultations, which are both\nefficient and flexible.<\/h3>\t\t<\/div>\n\t\t\t\t<\/div>\n\t\t\t\t\t<\/div>\n\t\t\t\t<\/div>\n\t\t\t\t\t<\/div>\n\t\t\t\t<\/div>\n\t\t<div class=\"elementor-element elementor-element-6240f90 e-flex e-con-boxed e-con e-parent\" data-id=\"6240f90\" data-element_type=\"container\" data-settings=\"{&quot;jet_parallax_layout_list&quot;:[]}\">\n\t\t\t\t\t<div class=\"e-con-inner\">\n\t\t<div class=\"elementor-element elementor-element-e0d6d8c e-con-full e-flex e-con e-child\" data-id=\"e0d6d8c\" data-element_type=\"container\" data-settings=\"{&quot;jet_parallax_layout_list&quot;:[]}\">\n\t\t\t\t<div class=\"elementor-element elementor-element-de21f5a elementor-widget elementor-widget-heading\" data-id=\"de21f5a\" data-element_type=\"widget\" data-widget_type=\"heading.default\">\n\t\t\t\t<div class=\"elementor-widget-container\">\n\t\t\t<h4 class=\"elementor-heading-title elementor-size-default\">Billing Address<\/h4>\t\t<\/div>\n\t\t\t\t<\/div>\n\t\t\t\t<div class=\"elementor-element elementor-element-f315774 elementor-widget elementor-widget-heading\" data-id=\"f315774\" data-element_type=\"widget\" data-widget_type=\"heading.default\">\n\t\t\t\t<div class=\"elementor-widget-container\">\n\t\t\t<h5 class=\"elementor-heading-title elementor-size-default\">NESTOR s.r.o.<\/h5>\t\t<\/div>\n\t\t\t\t<\/div>\n\t\t\t\t<div class=\"elementor-element elementor-element-f964298 elementor-widget elementor-widget-text-editor\" data-id=\"f964298\" data-element_type=\"widget\" data-widget_type=\"text-editor.default\">\n\t\t\t\t<div class=\"elementor-widget-container\">\n\t\t\t\t\t\t\t<p>Trieda KVP 1C<br \/>040 23 Ko\u0161ice<br \/>Slovakia<\/p><p><strong>I\u010cO:<\/strong> 53167953<br \/><strong>DI\u010c:<\/strong> 2121289643<br \/><strong>I\u010c DPH:<\/strong> SK2121289643<\/p>\t\t\t\t\t\t<\/div>\n\t\t\t\t<\/div>\n\t\t\t\t<\/div>\n\t\t<div class=\"elementor-element elementor-element-fb70f35 e-con-full e-flex e-con e-child\" data-id=\"fb70f35\" data-element_type=\"container\" data-settings=\"{&quot;jet_parallax_layout_list&quot;:[]}\">\n\t\t\t\t<div class=\"elementor-element elementor-element-ce68c18 elementor-widget elementor-widget-heading\" data-id=\"ce68c18\" data-element_type=\"widget\" data-widget_type=\"heading.default\">\n\t\t\t\t<div class=\"elementor-widget-container\">\n\t\t\t<h4 class=\"elementor-heading-title elementor-size-default\">Contact<\/h4>\t\t<\/div>\n\t\t\t\t<\/div>\n\t\t\t\t<div class=\"elementor-element elementor-element-dad3b62 elementor-widget elementor-widget-heading\" data-id=\"dad3b62\" data-element_type=\"widget\" data-widget_type=\"heading.default\">\n\t\t\t\t<div class=\"elementor-widget-container\">\n\t\t\t<h5 class=\"elementor-heading-title elementor-size-default\">Call us<\/h5>\t\t<\/div>\n\t\t\t\t<\/div>\n\t\t\t\t<div class=\"elementor-element elementor-element-701ba41 elementor-widget elementor-widget-text-editor\" data-id=\"701ba41\" data-element_type=\"widget\" data-widget_type=\"text-editor.default\">\n\t\t\t\t<div class=\"elementor-widget-container\">\n\t\t\t\t\t\t\t<p>+421 918 711 483<\/p>\t\t\t\t\t\t<\/div>\n\t\t\t\t<\/div>\n\t\t\t\t<div class=\"elementor-element elementor-element-b4abd4e elementor-widget elementor-widget-heading\" data-id=\"b4abd4e\" data-element_type=\"widget\" data-widget_type=\"heading.default\">\n\t\t\t\t<div class=\"elementor-widget-container\">\n\t\t\t<h5 class=\"elementor-heading-title elementor-size-default\">E-mail<\/h5>\t\t<\/div>\n\t\t\t\t<\/div>\n\t\t\t\t<div class=\"elementor-element elementor-element-9600698 elementor-widget elementor-widget-text-editor\" data-id=\"9600698\" data-element_type=\"widget\" data-widget_type=\"text-editor.default\">\n\t\t\t\t<div class=\"elementor-widget-container\">\n\t\t\t\t\t\t\t<p>info@nestor.sk<\/p>\t\t\t\t\t\t<\/div>\n\t\t\t\t<\/div>\n\t\t\t\t<div class=\"elementor-element elementor-element-bdf011b elementor-widget elementor-widget-heading\" data-id=\"bdf011b\" data-element_type=\"widget\" data-widget_type=\"heading.default\">\n\t\t\t\t<div class=\"elementor-widget-container\">\n\t\t\t<h5 class=\"elementor-heading-title elementor-size-default\">Social media<\/h5>\t\t<\/div>\n\t\t\t\t<\/div>\n\t\t\t\t<div class=\"elementor-element elementor-element-372aa909 e-grid-align-left elementor-shape-rounded elementor-grid-0 elementor-widget elementor-widget-social-icons\" data-id=\"372aa909\" data-element_type=\"widget\" data-widget_type=\"social-icons.default\">\n\t\t\t\t<div class=\"elementor-widget-container\">\n\t\t\t\t\t<div class=\"elementor-social-icons-wrapper elementor-grid\">\n\t\t\t\t\t\t\t<span class=\"elementor-grid-item\">\n\t\t\t\t\t<a class=\"elementor-icon elementor-social-icon elementor-social-icon-facebook elementor-repeater-item-8d8d302\" href=\"https:\/\/www.facebook.com\/design.MPstudio\/\" target=\"_blank\">\n\t\t\t\t\t\t<span class=\"elementor-screen-only\">Facebook<\/span>\n\t\t\t\t\t\t<svg class=\"e-font-icon-svg e-fab-facebook\" viewBox=\"0 0 512 512\" xmlns=\"http:\/\/www.w3.org\/2000\/svg\"><path d=\"M504 256C504 119 393 8 256 8S8 119 8 256c0 123.78 90.69 226.38 209.25 245V327.69h-63V256h63v-54.64c0-62.15 37-96.48 93.67-96.48 27.14 0 55.52 4.84 55.52 4.84v61h-31.28c-30.8 0-40.41 19.12-40.41 38.73V256h68.78l-11 71.69h-57.78V501C413.31 482.38 504 379.78 504 256z\"><\/path><\/svg>\t\t\t\t\t<\/a>\n\t\t\t\t<\/span>\n\t\t\t\t\t\t\t<span class=\"elementor-grid-item\">\n\t\t\t\t\t<a class=\"elementor-icon elementor-social-icon elementor-social-icon-instagram elementor-repeater-item-9531f5d\" href=\"https:\/\/www.instagram.com\/mpstudio.design\/\" target=\"_blank\">\n\t\t\t\t\t\t<span class=\"elementor-screen-only\">Instagram<\/span>\n\t\t\t\t\t\t<svg class=\"e-font-icon-svg e-fab-instagram\" viewBox=\"0 0 448 512\" xmlns=\"http:\/\/www.w3.org\/2000\/svg\"><path d=\"M224.1 141c-63.6 0-114.9 51.3-114.9 114.9s51.3 114.9 114.9 114.9S339 319.5 339 255.9 287.7 141 224.1 141zm0 189.6c-41.1 0-74.7-33.5-74.7-74.7s33.5-74.7 74.7-74.7 74.7 33.5 74.7 74.7-33.6 74.7-74.7 74.7zm146.4-194.3c0 14.9-12 26.8-26.8 26.8-14.9 0-26.8-12-26.8-26.8s12-26.8 26.8-26.8 26.8 12 26.8 26.8zm76.1 27.2c-1.7-35.9-9.9-67.7-36.2-93.9-26.2-26.2-58-34.4-93.9-36.2-37-2.1-147.9-2.1-184.9 0-35.8 1.7-67.6 9.9-93.9 36.1s-34.4 58-36.2 93.9c-2.1 37-2.1 147.9 0 184.9 1.7 35.9 9.9 67.7 36.2 93.9s58 34.4 93.9 36.2c37 2.1 147.9 2.1 184.9 0 35.9-1.7 67.7-9.9 93.9-36.2 26.2-26.2 34.4-58 36.2-93.9 2.1-37 2.1-147.8 0-184.8zM398.8 388c-7.8 19.6-22.9 34.7-42.6 42.6-29.5 11.7-99.5 9-132.1 9s-102.7 2.6-132.1-9c-19.6-7.8-34.7-22.9-42.6-42.6-11.7-29.5-9-99.5-9-132.1s-2.6-102.7 9-132.1c7.8-19.6 22.9-34.7 42.6-42.6 29.5-11.7 99.5-9 132.1-9s102.7-2.6 132.1 9c19.6 7.8 34.7 22.9 42.6 42.6 11.7 29.5 9 99.5 9 132.1s2.7 102.7-9 132.1z\"><\/path><\/svg>\t\t\t\t\t<\/a>\n\t\t\t\t<\/span>\n\t\t\t\t\t<\/div>\n\t\t\t\t<\/div>\n\t\t\t\t<\/div>\n\t\t\t\t<\/div>\n\t\t<div class=\"elementor-element elementor-element-9c26cfa e-con-full e-flex e-con e-child\" data-id=\"9c26cfa\" data-element_type=\"container\" data-settings=\"{&quot;jet_parallax_layout_list&quot;:[]}\">\n\t\t\t\t<div class=\"elementor-element elementor-element-16d3cdd elementor-widget elementor-widget-heading\" data-id=\"16d3cdd\" data-element_type=\"widget\" data-widget_type=\"heading.default\">\n\t\t\t\t<div class=\"elementor-widget-container\">\n\t\t\t<h4 class=\"elementor-heading-title elementor-size-default\">Contact form<\/h4>\t\t<\/div>\n\t\t\t\t<\/div>\n\t\t\t\t<div class=\"elementor-element elementor-element-df47d73 elementor-button-align-start elementor-widget elementor-widget-form\" data-id=\"df47d73\" data-element_type=\"widget\" data-settings=\"{&quot;step_next_label&quot;:&quot;\\u010eal\\u0161ie&quot;,&quot;step_previous_label&quot;:&quot;Predo\\u0161l\\u00e9&quot;,&quot;button_width&quot;:&quot;100&quot;,&quot;step_type&quot;:&quot;number_text&quot;,&quot;step_icon_shape&quot;:&quot;circle&quot;}\" data-widget_type=\"form.default\">\n\t\t\t\t<div class=\"elementor-widget-container\">\n\t\t\t\t\t<form class=\"elementor-form\" method=\"post\" name=\"New Form\">\n\t\t\t<input type=\"hidden\" name=\"post_id\" value=\"4086\"\/>\n\t\t\t<input type=\"hidden\" name=\"form_id\" value=\"df47d73\"\/>\n\t\t\t<input type=\"hidden\" name=\"referer_title\" value=\"NESTOR\" \/>\n\n\t\t\t\n\t\t\t<div class=\"elementor-form-fields-wrapper elementor-labels-above\">\n\t\t\t\t\t\t\t\t<div class=\"elementor-field-type-text elementor-field-group elementor-column elementor-field-group-name elementor-col-100\">\n\t\t\t\t\t\t\t\t\t\t\t\t<label for=\"form-field-name\" class=\"elementor-field-label\">\n\t\t\t\t\t\t\t\tName and surname\t\t\t\t\t\t\t<\/label>\n\t\t\t\t\t\t\t\t\t\t\t\t\t\t<input size=\"1\" type=\"text\" name=\"form_fields[name]\" id=\"form-field-name\" class=\"elementor-field elementor-size-sm  elementor-field-textual\">\n\t\t\t\t\t\t\t\t\t\t\t<\/div>\n\t\t\t\t\t\t\t\t<div class=\"elementor-field-type-email elementor-field-group elementor-column elementor-field-group-email elementor-col-100 elementor-field-required\">\n\t\t\t\t\t\t\t\t\t\t\t\t<label for=\"form-field-email\" class=\"elementor-field-label\">\n\t\t\t\t\t\t\t\tE-mail\t\t\t\t\t\t\t<\/label>\n\t\t\t\t\t\t\t\t\t\t\t\t\t\t<input size=\"1\" type=\"email\" name=\"form_fields[email]\" id=\"form-field-email\" class=\"elementor-field elementor-size-sm  elementor-field-textual\" required=\"required\" aria-required=\"true\">\n\t\t\t\t\t\t\t\t\t\t\t<\/div>\n\t\t\t\t\t\t\t\t<div class=\"elementor-field-type-textarea elementor-field-group elementor-column elementor-field-group-message elementor-col-100\">\n\t\t\t\t\t\t\t\t\t\t\t\t<label for=\"form-field-message\" class=\"elementor-field-label\">\n\t\t\t\t\t\t\t\tMessage\t\t\t\t\t\t\t<\/label>\n\t\t\t\t\t\t<textarea class=\"elementor-field-textual elementor-field  elementor-size-sm\" name=\"form_fields[message]\" id=\"form-field-message\" rows=\"3\"><\/textarea>\t\t\t\t<\/div>\n\t\t\t\t\t\t\t\t<div class=\"elementor-field-type-recaptcha_v3 elementor-field-group elementor-column elementor-field-group-field_4aa4668 elementor-col-100 recaptcha_v3-inline\">\n\t\t\t\t\t<div class=\"elementor-field\" id=\"form-field-field_4aa4668\"><div class=\"elementor-g-recaptcha\" data-sitekey=\"6LcmQAYrAAAAAKr_qb-NKa3GqUuCQjYFLaSR7xdx\" data-type=\"v3\" data-action=\"Form\" data-badge=\"inline\" data-size=\"invisible\"><\/div><\/div>\t\t\t\t<\/div>\n\t\t\t\t\t\t\t\t<div class=\"elementor-field-type-acceptance elementor-field-group elementor-column elementor-field-group-field_d1d0f73 elementor-col-100 elementor-field-required\">\n\t\t\t\t\t\t\t<div class=\"elementor-field-subgroup\">\n\t\t\t<span class=\"elementor-field-option\">\n\t\t\t\t<input type=\"checkbox\" name=\"form_fields[field_d1d0f73]\" id=\"form-field-field_d1d0f73\" class=\"elementor-field elementor-size-sm  elementor-acceptance-field\" required=\"required\" aria-required=\"true\">\n\t\t\t\t<label for=\"form-field-field_d1d0f73\">I agree to the  <a href=\"https:\/\/nestor.sk\/ochrana-osobnych-udajov\/\" target=\"_new\">processing of personal data.<\/a><\/label>\t\t\t<\/span>\n\t\t<\/div>\n\t\t\t\t\t\t<\/div>\n\t\t\t\t\t\t\t\t<div class=\"elementor-field-group elementor-column elementor-field-type-submit elementor-col-100 e-form__buttons\">\n\t\t\t\t\t<button class=\"elementor-button elementor-size-sm\" type=\"submit\">\n\t\t\t\t\t\t<span class=\"elementor-button-content-wrapper\">\n\t\t\t\t\t\t\t\t\t\t\t\t\t\t\t\t\t\t\t\t\t\t<span class=\"elementor-button-text\">Posla\u0165<\/span>\n\t\t\t\t\t\t\t\t\t\t\t\t\t<\/span>\n\t\t\t\t\t<\/button>\n\t\t\t\t<\/div>\n\t\t\t<\/div>\n\t\t<\/form>\n\t\t\t\t<\/div>\n\t\t\t\t<\/div>\n\t\t\t\t<\/div>\n\t\t\t\t\t<\/div>\n\t\t\t\t<\/div>\n\t\t\t\t<\/div>\n\t\t","protected":false},"excerpt":{"rendered":"<p>Contact We arrange in-person meetings as needed \u2013 either in our partners&#8217; showrooms or directly on-site. Clients can also take advantage of convenient online consultations, which are both efficient and flexible. Billing Address NESTOR s.r.o. Trieda KVP 1C040 23 Ko\u0161iceSlovakia I\u010cO: 53167953DI\u010c: 2121289643I\u010c DPH: SK2121289643 Contact Call us +421 918 711 483 E-mail info@nestor.sk Social [&hellip;]<\/p>\n","protected":false},"author":1,"featured_media":3188,"parent":0,"menu_order":0,"comment_status":"closed","ping_status":"closed","template":"","meta":{"_acf_changed":false,"footnotes":""},"class_list":["post-4086","page","type-page","status-publish","has-post-thumbnail","hentry"],"acf":[],"yoast_head":"<!-- This site is optimized with the Yoast SEO plugin v24.7 - https:\/\/yoast.com\/wordpress\/plugins\/seo\/ -->\n<title>Contact \u2502 Interior design studio \u2502 NESTOR<\/title>\n<meta name=\"description\" content=\"Contact the interior design studio NESTOR: info@nestor.sk, +421918 711 483. Interior design for Slovakia, Czech Republic, Spain\" \/>\n<meta name=\"robots\" content=\"index, follow, max-snippet:-1, max-image-preview:large, max-video-preview:-1\" \/>\n<link rel=\"canonical\" href=\"https:\/\/nestor.sk\/en\/contact\/\" \/>\n<meta property=\"og:locale\" content=\"en_US\" \/>\n<meta property=\"og:type\" content=\"article\" \/>\n<meta property=\"og:title\" content=\"Contact \u2502 Interior design studio \u2502 NESTOR\" \/>\n<meta property=\"og:description\" content=\"Contact the interior design studio NESTOR: info@nestor.sk, +421918 711 483. Interior design for Slovakia, Czech Republic, Spain\" \/>\n<meta property=\"og:url\" content=\"https:\/\/nestor.sk\/en\/contact\/\" \/>\n<meta property=\"og:site_name\" content=\"NESTOR\" \/>\n<meta property=\"article:modified_time\" content=\"2025-04-22T19:40:26+00:00\" \/>\n<meta property=\"og:image\" content=\"https:\/\/nestor.sk\/wp-content\/uploads\/2023\/11\/2ec150_046d366faf464613af2878f5362f0340mv2.jpg\" \/>\n\t<meta property=\"og:image:width\" content=\"1728\" \/>\n\t<meta property=\"og:image:height\" content=\"2160\" \/>\n\t<meta property=\"og:image:type\" content=\"image\/jpeg\" \/>\n<meta name=\"twitter:card\" content=\"summary_large_image\" \/>\n<meta name=\"twitter:label1\" content=\"Est. reading time\" \/>\n\t<meta name=\"twitter:data1\" content=\"1 minute\" \/>\n<script type=\"application\/ld+json\" class=\"yoast-schema-graph\">{\"@context\":\"https:\/\/schema.org\",\"@graph\":[{\"@type\":\"WebPage\",\"@id\":\"https:\/\/nestor.sk\/en\/contact\/\",\"url\":\"https:\/\/nestor.sk\/en\/contact\/\",\"name\":\"Contact \u2502 Interior design studio \u2502 NESTOR\",\"isPartOf\":{\"@id\":\"https:\/\/nestor.sk\/en\/#website\"},\"primaryImageOfPage\":{\"@id\":\"https:\/\/nestor.sk\/en\/contact\/#primaryimage\"},\"image\":{\"@id\":\"https:\/\/nestor.sk\/en\/contact\/#primaryimage\"},\"thumbnailUrl\":\"https:\/\/nestor.sk\/wp-content\/uploads\/2023\/11\/2ec150_046d366faf464613af2878f5362f0340mv2.jpg\",\"datePublished\":\"2023-11-21T09:43:45+00:00\",\"dateModified\":\"2025-04-22T19:40:26+00:00\",\"description\":\"Contact the interior design studio NESTOR: info@nestor.sk, +421918 711 483. Interior design for Slovakia, Czech Republic, Spain\",\"breadcrumb\":{\"@id\":\"https:\/\/nestor.sk\/en\/contact\/#breadcrumb\"},\"inLanguage\":\"en-US\",\"potentialAction\":[{\"@type\":\"ReadAction\",\"target\":[\"https:\/\/nestor.sk\/en\/contact\/\"]}]},{\"@type\":\"ImageObject\",\"inLanguage\":\"en-US\",\"@id\":\"https:\/\/nestor.sk\/en\/contact\/#primaryimage\",\"url\":\"https:\/\/nestor.sk\/wp-content\/uploads\/2023\/11\/2ec150_046d366faf464613af2878f5362f0340mv2.jpg\",\"contentUrl\":\"https:\/\/nestor.sk\/wp-content\/uploads\/2023\/11\/2ec150_046d366faf464613af2878f5362f0340mv2.jpg\",\"width\":1728,\"height\":2160},{\"@type\":\"BreadcrumbList\",\"@id\":\"https:\/\/nestor.sk\/en\/contact\/#breadcrumb\",\"itemListElement\":[{\"@type\":\"ListItem\",\"position\":1,\"name\":\"Domovsk\u00e1 str\u00e1nka\",\"item\":\"https:\/\/nestor.sk\/en\/\"},{\"@type\":\"ListItem\",\"position\":2,\"name\":\"Contact\"}]},{\"@type\":\"WebSite\",\"@id\":\"https:\/\/nestor.sk\/en\/#website\",\"url\":\"https:\/\/nestor.sk\/en\/\",\"name\":\"NESTOR\",\"description\":\"\",\"publisher\":{\"@id\":\"https:\/\/nestor.sk\/en\/#organization\"},\"potentialAction\":[{\"@type\":\"SearchAction\",\"target\":{\"@type\":\"EntryPoint\",\"urlTemplate\":\"https:\/\/nestor.sk\/en\/?s={search_term_string}\"},\"query-input\":{\"@type\":\"PropertyValueSpecification\",\"valueRequired\":true,\"valueName\":\"search_term_string\"}}],\"inLanguage\":\"en-US\"},{\"@type\":\"Organization\",\"@id\":\"https:\/\/nestor.sk\/en\/#organization\",\"name\":\"NESTOR\",\"url\":\"https:\/\/nestor.sk\/en\/\",\"logo\":{\"@type\":\"ImageObject\",\"inLanguage\":\"en-US\",\"@id\":\"https:\/\/nestor.sk\/en\/#\/schema\/logo\/image\/\",\"url\":\"https:\/\/nestor.sk\/wp-content\/uploads\/2023\/11\/logo-nestor-sk.svg\",\"contentUrl\":\"https:\/\/nestor.sk\/wp-content\/uploads\/2023\/11\/logo-nestor-sk.svg\",\"width\":251.30000000000001136868377216160297393798828125,\"height\":59.7999999999999971578290569595992565155029296875,\"caption\":\"NESTOR\"},\"image\":{\"@id\":\"https:\/\/nestor.sk\/en\/#\/schema\/logo\/image\/\"}}]}<\/script>\n<!-- \/ Yoast SEO plugin. -->","yoast_head_json":{"title":"Contact \u2502 Interior design studio \u2502 NESTOR","description":"Contact the interior design studio NESTOR: info@nestor.sk, +421918 711 483. Interior design for Slovakia, Czech Republic, Spain","robots":{"index":"index","follow":"follow","max-snippet":"max-snippet:-1","max-image-preview":"max-image-preview:large","max-video-preview":"max-video-preview:-1"},"canonical":"https:\/\/nestor.sk\/en\/contact\/","og_locale":"en_US","og_type":"article","og_title":"Contact \u2502 Interior design studio \u2502 NESTOR","og_description":"Contact the interior design studio NESTOR: info@nestor.sk, +421918 711 483. Interior design for Slovakia, Czech Republic, Spain","og_url":"https:\/\/nestor.sk\/en\/contact\/","og_site_name":"NESTOR","article_modified_time":"2025-04-22T19:40:26+00:00","og_image":[{"width":1728,"height":2160,"url":"https:\/\/nestor.sk\/wp-content\/uploads\/2023\/11\/2ec150_046d366faf464613af2878f5362f0340mv2.jpg","type":"image\/jpeg"}],"twitter_card":"summary_large_image","twitter_misc":{"Est. reading time":"1 minute"},"schema":{"@context":"https:\/\/schema.org","@graph":[{"@type":"WebPage","@id":"https:\/\/nestor.sk\/en\/contact\/","url":"https:\/\/nestor.sk\/en\/contact\/","name":"Contact \u2502 Interior design studio \u2502 NESTOR","isPartOf":{"@id":"https:\/\/nestor.sk\/en\/#website"},"primaryImageOfPage":{"@id":"https:\/\/nestor.sk\/en\/contact\/#primaryimage"},"image":{"@id":"https:\/\/nestor.sk\/en\/contact\/#primaryimage"},"thumbnailUrl":"https:\/\/nestor.sk\/wp-content\/uploads\/2023\/11\/2ec150_046d366faf464613af2878f5362f0340mv2.jpg","datePublished":"2023-11-21T09:43:45+00:00","dateModified":"2025-04-22T19:40:26+00:00","description":"Contact the interior design studio NESTOR: info@nestor.sk, +421918 711 483. Interior design for Slovakia, Czech Republic, Spain","breadcrumb":{"@id":"https:\/\/nestor.sk\/en\/contact\/#breadcrumb"},"inLanguage":"en-US","potentialAction":[{"@type":"ReadAction","target":["https:\/\/nestor.sk\/en\/contact\/"]}]},{"@type":"ImageObject","inLanguage":"en-US","@id":"https:\/\/nestor.sk\/en\/contact\/#primaryimage","url":"https:\/\/nestor.sk\/wp-content\/uploads\/2023\/11\/2ec150_046d366faf464613af2878f5362f0340mv2.jpg","contentUrl":"https:\/\/nestor.sk\/wp-content\/uploads\/2023\/11\/2ec150_046d366faf464613af2878f5362f0340mv2.jpg","width":1728,"height":2160},{"@type":"BreadcrumbList","@id":"https:\/\/nestor.sk\/en\/contact\/#breadcrumb","itemListElement":[{"@type":"ListItem","position":1,"name":"Domovsk\u00e1 str\u00e1nka","item":"https:\/\/nestor.sk\/en\/"},{"@type":"ListItem","position":2,"name":"Contact"}]},{"@type":"WebSite","@id":"https:\/\/nestor.sk\/en\/#website","url":"https:\/\/nestor.sk\/en\/","name":"NESTOR","description":"","publisher":{"@id":"https:\/\/nestor.sk\/en\/#organization"},"potentialAction":[{"@type":"SearchAction","target":{"@type":"EntryPoint","urlTemplate":"https:\/\/nestor.sk\/en\/?s={search_term_string}"},"query-input":{"@type":"PropertyValueSpecification","valueRequired":true,"valueName":"search_term_string"}}],"inLanguage":"en-US"},{"@type":"Organization","@id":"https:\/\/nestor.sk\/en\/#organization","name":"NESTOR","url":"https:\/\/nestor.sk\/en\/","logo":{"@type":"ImageObject","inLanguage":"en-US","@id":"https:\/\/nestor.sk\/en\/#\/schema\/logo\/image\/","url":"https:\/\/nestor.sk\/wp-content\/uploads\/2023\/11\/logo-nestor-sk.svg","contentUrl":"https:\/\/nestor.sk\/wp-content\/uploads\/2023\/11\/logo-nestor-sk.svg","width":251.30000000000001136868377216160297393798828125,"height":59.7999999999999971578290569595992565155029296875,"caption":"NESTOR"},"image":{"@id":"https:\/\/nestor.sk\/en\/#\/schema\/logo\/image\/"}}]}},"_links":{"self":[{"href":"https:\/\/nestor.sk\/en\/wp-json\/wp\/v2\/pages\/4086","targetHints":{"allow":["GET"]}}],"collection":[{"href":"https:\/\/nestor.sk\/en\/wp-json\/wp\/v2\/pages"}],"about":[{"href":"https:\/\/nestor.sk\/en\/wp-json\/wp\/v2\/types\/page"}],"author":[{"embeddable":true,"href":"https:\/\/nestor.sk\/en\/wp-json\/wp\/v2\/users\/1"}],"replies":[{"embeddable":true,"href":"https:\/\/nestor.sk\/en\/wp-json\/wp\/v2\/comments?post=4086"}],"version-history":[{"count":24,"href":"https:\/\/nestor.sk\/en\/wp-json\/wp\/v2\/pages\/4086\/revisions"}],"predecessor-version":[{"id":4983,"href":"https:\/\/nestor.sk\/en\/wp-json\/wp\/v2\/pages\/4086\/revisions\/4983"}],"wp:featuredmedia":[{"embeddable":true,"href":"https:\/\/nestor.sk\/en\/wp-json\/wp\/v2\/media\/3188"}],"wp:attachment":[{"href":"https:\/\/nestor.sk\/en\/wp-json\/wp\/v2\/media?parent=4086"}],"curies":[{"name":"wp","href":"https:\/\/api.w.org\/{rel}","templated":true}]}}